{"id":98283,"date":"2019-11-12T13:50:10","date_gmt":"2019-11-12T13:50:10","guid":{"rendered":"https:\/\/krojer-shop.de\/?post_type=product&#038;p=98283"},"modified":"2021-09-28T09:18:35","modified_gmt":"2021-09-28T09:18:35","slug":"finegrip-stronghand-handschuhe","status":"publish","type":"product","link":"https:\/\/krojer-shop.de\/?product=finegrip-stronghand-handschuhe","title":{"rendered":"STRONGHAND\u00ae *Finegrip*"},"content":{"rendered":"<p><strong>Eigenschaften<img decoding=\"async\" class=\"size-full wp-image-98510 alignright\" src=\"https:\/\/krojer-shop.de\/wp-content\/uploads\/2019\/11\/feldtmann-logo.jpg\" alt=\"\" width=\"200\" height=\"100\" \/><\/strong><\/p>\n<ul>\n<li>Norm: EN 388<\/li>\n<li>Tr\u00e4ger: 100% Polyamid (Nylon), schwarz<\/li>\n<li>Beschichtung: Schrumpf-Latex, schwarz<\/li>\n<li>Feinstrick, nahtlos \/ 13 G<\/li>\n<li>sehr gute Passform, elastischer Tr\u00e4ger<\/li>\n<li>sicherer Griff auch bei feuchten Gegenst\u00e4nden<\/li>\n<li>schmutzunempfindlich<\/li>\n<li>feinf\u00fchlig<\/li>\n<\/ul>\n","protected":false},"excerpt":{"rendered":"<p>Eigenschaften Norm: EN 388 Tr\u00e4ger: 100% Polyamid (Nylon), schwarz Beschichtung: Schrumpf-Latex, schwarz Feinstrick, nahtlos \/ 13 G sehr gute Passform, elastischer Tr\u00e4ger sicherer Griff auch bei feuchten Gegenst\u00e4nden schmutzunempfindlich feinf\u00fchlig<\/p>\n","protected":false},"featured_media":98411,"template":"","meta":[],"product_brand":[],"product_cat":[72,82],"product_tag":[],"class_list":{"0":"post-98283","1":"product","2":"type-product","3":"status-publish","4":"has-post-thumbnail","6":"product_cat-arbeitsbekleidung","7":"product_cat-handschuhe","9":"first","10":"instock","11":"taxable","12":"shipping-taxable","13":"purchasable","14":"product-type-variable"},"_links":{"self":[{"href":"https:\/\/krojer-shop.de\/index.php?rest_route=\/wp\/v2\/product\/98283","targetHints":{"allow":["GET"]}}],"collection":[{"href":"https:\/\/krojer-shop.de\/index.php?rest_route=\/wp\/v2\/product"}],"about":[{"href":"https:\/\/krojer-shop.de\/index.php?rest_route=\/wp\/v2\/types\/product"}],"version-history":[{"count":3,"href":"https:\/\/krojer-shop.de\/index.php?rest_route=\/wp\/v2\/product\/98283\/revisions"}],"predecessor-version":[{"id":99067,"href":"https:\/\/krojer-shop.de\/index.php?rest_route=\/wp\/v2\/product\/98283\/revisions\/99067"}],"wp:featuredmedia":[{"embeddable":true,"href":"https:\/\/krojer-shop.de\/index.php?rest_route=\/wp\/v2\/media\/98411"}],"wp:attachment":[{"href":"https:\/\/krojer-shop.de\/index.php?rest_route=%2Fwp%2Fv2%2Fmedia&parent=98283"}],"wp:term":[{"taxonomy":"product_brand","embeddable":true,"href":"https:\/\/krojer-shop.de\/index.php?rest_route=%2Fwp%2Fv2%2Fproduct_brand&post=98283"},{"taxonomy":"product_cat","embeddable":true,"href":"https:\/\/krojer-shop.de\/index.php?rest_route=%2Fwp%2Fv2%2Fproduct_cat&post=98283"},{"taxonomy":"product_tag","embeddable":true,"href":"https:\/\/krojer-shop.de\/index.php?rest_route=%2Fwp%2Fv2%2Fproduct_tag&post=98283"}],"curies":[{"name":"wp","href":"https:\/\/api.w.org\/{rel}","templated":true}]}}